{"id":119,"date":"2025-02-22T16:51:55","date_gmt":"2025-02-22T16:51:55","guid":{"rendered":"https:\/\/estudiodetitulo.net\/?page_id=119"},"modified":"2026-04-11T15:38:44","modified_gmt":"2026-04-11T19:38:44","slug":"contacto","status":"publish","type":"page","link":"https:\/\/estudiodetitulo.net\/en\/contacto\/","title":{"rendered":"Contact us"},"content":{"rendered":"<div data-elementor-type=\"wp-page\" data-elementor-id=\"119\" class=\"elementor elementor-119\">\n\t\t\t\t<div class=\"elementor-element elementor-element-4a4db82 e-flex e-con-boxed e-con e-parent\" data-id=\"4a4db82\" data-element_type=\"container\" data-e-type=\"container\">\n\t\t\t\t\t<div class=\"e-con-inner\">\n\t\t<div class=\"elementor-element elementor-element-e367dd2 e-con-full e-flex e-con e-child\" data-id=\"e367dd2\" data-element_type=\"container\" data-e-type=\"container\">\n\t\t\t\t<div class=\"elementor-element elementor-element-184ec9b elementor-widget elementor-widget-spacer\" data-id=\"184ec9b\" data-element_type=\"widget\" data-e-type=\"widget\" data-widget_type=\"spacer.default\">\n\t\t\t\t<div class=\"elementor-widget-container\">\n\t\t\t\t\t\t\t<div class=\"elementor-spacer\">\n\t\t\t<div class=\"elementor-spacer-inner\"><\/div>\n\t\t<\/div>\n\t\t\t\t\t\t<\/div>\n\t\t\t\t<\/div>\n\t\t\t\t<div class=\"elementor-element elementor-element-7dbd47d elementor-widget elementor-widget-image\" data-id=\"7dbd47d\" data-element_type=\"widget\" data-e-type=\"widget\" data-widget_type=\"image.default\">\n\t\t\t\t<div class=\"elementor-widget-container\">\n\t\t\t\t\t\t\t\t\t\t\t\t\t\t\t<img fetchpriority=\"high\" decoding=\"async\" width=\"600\" height=\"400\" src=\"https:\/\/estudiodetitulo.net\/wp-content\/uploads\/2025\/05\/Untitled-design-13.png\" class=\"attachment-large size-large wp-image-1247\" alt=\"\" srcset=\"https:\/\/estudiodetitulo.net\/wp-content\/uploads\/2025\/05\/Untitled-design-13.png 600w, https:\/\/estudiodetitulo.net\/wp-content\/uploads\/2025\/05\/Untitled-design-13-300x200.png 300w, https:\/\/estudiodetitulo.net\/wp-content\/uploads\/2025\/05\/Untitled-design-13-18x12.png 18w\" sizes=\"(max-width: 600px) 100vw, 600px\" \/>\t\t\t\t\t\t\t\t\t\t\t\t\t\t\t<\/div>\n\t\t\t\t<\/div>\n\t\t\t\t<div class=\"elementor-element elementor-element-3059991 elementor-widget elementor-widget-text-editor\" data-id=\"3059991\" data-element_type=\"widget\" data-e-type=\"widget\" data-widget_type=\"text-editor.default\">\n\t\t\t\t<div class=\"elementor-widget-container\">\n\t\t\t\t\t\t\t\t\t<h3 class=\"wp-block-heading\"><span style=\"color: #000000;\">Do you have any questions?<\/span><\/h3>\n<p>\u00a0<\/p>\n<p><span style=\"color: #000000;\"><!-- \/wp:heading --><!-- wp:paragraph --><\/span><\/p>\n<p><span style=\"color: #000000;\">We are here to provide you with the support and guidance you need during the whole process of the study title, making sure that each step is clear and simple for you.<\/span><\/p>\n<p>\u00a0<\/p>\n<p><span style=\"color: #000000;\"><!-- \/wp:paragraph --><!-- wp:paragraph --><\/span><\/p>\n<p><span style=\"color: #000000;\">We are here to provide you with the support and guidance you need during the whole process of the study title, making sure that each step is clear and simple for you.<\/span><\/p>\n<p>\u00a0<\/p>\n<h4><span style=\"color: #993300;\">What&#8217;s App: 939-437-0091<\/span><\/h4>\n<p>\u00a0<\/p>\n<h4><span style=\"color: #993300;\">Telefono: 939-545-8286<\/span><\/h4>\t\t\t\t\t\t\t\t<\/div>\n\t\t\t\t<\/div>\n\t\t\t\t<div class=\"elementor-element elementor-element-b9cdfe9 elementor-widget elementor-widget-button\" data-id=\"b9cdfe9\" data-element_type=\"widget\" data-e-type=\"widget\" data-widget_type=\"button.default\">\n\t\t\t\t<div class=\"elementor-widget-container\">\n\t\t\t\t\t\t\t\t\t<div class=\"elementor-button-wrapper\">\n\t\t\t\t\t<a class=\"elementor-button elementor-button-link elementor-size-sm\" href=\"https:\/\/wa.me\/19395458286?text=Hola%2C%20buenos%20d%C3%ADas.Soy%20cliente%20interesado%20en%20servicios%20de%20Estudio%20de%20T%C3%ADtulo.Indique%20c%C3%B3mo%20podemos%20ayudarle%3A\">\n\t\t\t\t\t\t<span class=\"elementor-button-content-wrapper\">\n\t\t\t\t\t\t\t\t\t<span class=\"elementor-button-text\">What's App o Comunicate con nosotros<\/span>\n\t\t\t\t\t<\/span>\n\t\t\t\t\t<\/a>\n\t\t\t\t<\/div>\n\t\t\t\t\t\t\t\t<\/div>\n\t\t\t\t<\/div>\n\t\t\t\t<\/div>\n\t\t<div class=\"elementor-element elementor-element-d3a74cf e-con-full e-flex e-con e-child\" data-id=\"d3a74cf\" data-element_type=\"container\" data-e-type=\"container\" data-settings=\"{&quot;background_background&quot;:&quot;classic&quot;}\">\n\t\t\t\t<div class=\"elementor-element elementor-element-57f8cf5 elementor-alert-info elementor-widget elementor-widget-alert\" data-id=\"57f8cf5\" data-element_type=\"widget\" data-e-type=\"widget\" data-widget_type=\"alert.default\">\n\t\t\t\t<div class=\"elementor-widget-container\">\n\t\t\t\t\t\t\t<div class=\"elementor-alert\" role=\"alert\">\n\n\t\t\t\t\t\t<span class=\"elementor-alert-title\">Important Notice!<\/span>\n\t\t\t\n\t\t\t\t\t\t<span class=\"elementor-alert-description\">The registration form may take a few seconds to load. This timeout ensures a secure and encrypted connection to our platform, ensuring the protection of your data. Thank you for your patience.<\/span>\n\t\t\t\n\t\t\t\t\t\t<button type=\"button\" class=\"elementor-alert-dismiss\" aria-label=\"Dismiss this alert.\">\n\t\t\t\t<svg aria-hidden=\"true\" class=\"e-font-icon-svg e-fas-times-circle\" viewbox=\"0 0 512 512\" xmlns=\"http:\/\/www.w3.org\/2000\/svg\"><path d=\"M256 8C119 8 8 119 8 256s111 248 248 248 248-111 248-248S393 8 256 8zm121.6 313.1c4.7 4.7 4.7 12.3 0 17L338 377.6c-4.7 4.7-12.3 4.7-17 0L256 312l-65.1 65.6c-4.7 4.7-12.3 4.7-17 0L134.4 338c-4.7-4.7-4.7-12.3 0-17l65.6-65-65.6-65.1c-4.7-4.7-4.7-12.3 0-17l39.6-39.6c4.7-4.7 12.3-4.7 17 0l65 65.7 65.1-65.6c4.7-4.7 12.3-4.7 17 0l39.6 39.6c4.7 4.7 4.7 12.3 0 17L312 256l65.6 65.1z\"><\/path><\/svg>\t\t\t<\/button>\n\t\t\t\n\t\t<\/div>\n\t\t\t\t\t\t<\/div>\n\t\t\t\t<\/div>\n\t\t\t\t<div class=\"elementor-element elementor-element-c444907 elementor-widget elementor-widget-html\" data-id=\"c444907\" data-element_type=\"widget\" data-e-type=\"widget\" data-widget_type=\"html.default\">\n\t\t\t\t<div class=\"elementor-widget-container\">\n\t\t\t\t\t<script src=\"https:\/\/app.estudiodetitulo.net\/frm\/24i59UDFqYdZefwgB.js\"><\/script>\t\t\t\t<\/div>\n\t\t\t\t<\/div>\n\t\t\t\t<\/div>\n\t\t\t\t\t<\/div>\n\t\t\t\t<\/div>\n\t\t\t\t<\/div>","protected":false},"excerpt":{"rendered":"<p>\u00bfTienes alguna pregunta? \u00a0 Estamos aqu\u00ed para brindarte el apoyo y la orientaci\u00f3n que necesites durante todo el proceso del estudio de t\u00edtulo, asegur\u00e1ndonos de que cada paso sea claro y sencillo para ti. \u00a0 Estamos aqu\u00ed para brindarte el apoyo y la orientaci\u00f3n que necesites durante todo el proceso del estudio de t\u00edtulo, asegur\u00e1ndonos [&hellip;]<\/p>\n","protected":false},"author":1,"featured_media":0,"parent":0,"menu_order":0,"comment_status":"closed","ping_status":"closed","template":"","meta":{"om_disable_all_campaigns":false,"_themeisle_gutenberg_block_has_review":false,"footnotes":""},"class_list":["post-119","page","type-page","status-publish","hentry"],"aioseo_notices":[],"_links":{"self":[{"href":"https:\/\/estudiodetitulo.net\/en\/wp-json\/wp\/v2\/pages\/119","targetHints":{"allow":["GET"]}}],"collection":[{"href":"https:\/\/estudiodetitulo.net\/en\/wp-json\/wp\/v2\/pages"}],"about":[{"href":"https:\/\/estudiodetitulo.net\/en\/wp-json\/wp\/v2\/types\/page"}],"author":[{"embeddable":true,"href":"https:\/\/estudiodetitulo.net\/en\/wp-json\/wp\/v2\/users\/1"}],"replies":[{"embeddable":true,"href":"https:\/\/estudiodetitulo.net\/en\/wp-json\/wp\/v2\/comments?post=119"}],"version-history":[{"count":9,"href":"https:\/\/estudiodetitulo.net\/en\/wp-json\/wp\/v2\/pages\/119\/revisions"}],"predecessor-version":[{"id":2529,"href":"https:\/\/estudiodetitulo.net\/en\/wp-json\/wp\/v2\/pages\/119\/revisions\/2529"}],"wp:attachment":[{"href":"https:\/\/estudiodetitulo.net\/en\/wp-json\/wp\/v2\/media?parent=119"}],"curies":[{"name":"wp","href":"https:\/\/api.w.org\/{rel}","templated":true}]}}