{"id":1604,"date":"2025-05-18T16:16:21","date_gmt":"2025-05-18T20:16:21","guid":{"rendered":"https:\/\/estudiodetitulo.net\/?page_id=1604"},"modified":"2025-05-19T17:48:51","modified_gmt":"2025-05-19T21:48:51","slug":"cobertura-total-en-los-78-municipios-de-puerto-rico","status":"publish","type":"page","link":"https:\/\/estudiodetitulo.net\/en\/cobertura-total-en-los-78-municipios-de-puerto-rico\/","title":{"rendered":"Full coverage in the 78 municipalities of Puerto Rico"},"content":{"rendered":"\t\t<div data-elementor-type=\"wp-page\" data-elementor-id=\"1604\" class=\"elementor elementor-1604\">\n\t\t\t\t<div class=\"elementor-element elementor-element-49ac0570 e-flex e-con-boxed e-con e-parent\" data-id=\"49ac0570\" data-element_type=\"container\" data-e-type=\"container\">\n\t\t\t\t\t<div class=\"e-con-inner\">\n\t\t\t\t<div class=\"elementor-element elementor-element-741a1c57 elementor-widget elementor-widget-text-editor\" data-id=\"741a1c57\" data-element_type=\"widget\" data-e-type=\"widget\" data-widget_type=\"text-editor.default\">\n\t\t\t\t<div class=\"elementor-widget-container\">\n\t\t\t\t\t\t\t\t\t\n<figure class=\"wp-block-image aligncenter size-full is-resized\"><img fetchpriority=\"high\" decoding=\"async\" width=\"700\" height=\"377\" class=\"wp-image-1623\" style=\"width: 700px;\" src=\"https:\/\/estudiodetitulo.net\/wp-content\/uploads\/2025\/05\/mapprlocation-1.png\" alt=\"\" srcset=\"https:\/\/estudiodetitulo.net\/wp-content\/uploads\/2025\/05\/mapprlocation-1.png 976w, https:\/\/estudiodetitulo.net\/wp-content\/uploads\/2025\/05\/mapprlocation-1-300x161.png 300w, https:\/\/estudiodetitulo.net\/wp-content\/uploads\/2025\/05\/mapprlocation-1-768x413.png 768w, https:\/\/estudiodetitulo.net\/wp-content\/uploads\/2025\/05\/mapprlocation-1-18x10.png 18w\" sizes=\"(max-width: 700px) 100vw, 700px\" \/><\/figure>\n\n<p>En Estudio de T\u00edtulo estamos conectados directamente con el Registro de la Propiedad de Puerto Rico, lo que nos permite acceder en tiempo real a la informaci\u00f3n oficial de cada uno de los 78 municipios. Gracias a esta vinculaci\u00f3n, garantizamos an\u00e1lisis precisos, tiempos de respuesta r\u00e1pidos y la seguridad jur\u00eddica que tu propiedad merece.<\/p>\n\t\t\t\t\t\t\t\t<\/div>\n\t\t\t\t<\/div>\n\t\t\t\t\t<\/div>\n\t\t\t\t<\/div>\n\t\t<div class=\"elementor-element elementor-element-e66eed1 e-flex e-con-boxed e-con e-parent\" data-id=\"e66eed1\" data-element_type=\"container\" data-e-type=\"container\">\n\t\t\t\t\t<div class=\"e-con-inner\">\n\t\t\t\t<div class=\"elementor-element elementor-element-31373d2 elementor-widget elementor-widget-shortcode\" data-id=\"31373d2\" data-element_type=\"widget\" data-e-type=\"widget\" data-widget_type=\"shortcode.default\">\n\t\t\t\t<div class=\"elementor-widget-container\">\n\t\t\t\t\t\t\t<div class=\"elementor-shortcode\"><style id=\"sp_pcp_dynamic_style1681\">#pcp_wrapper-1681:not(.sps-glossary-layout) .sp-pcp-row,#pcp_wrapper-1681 .sps-glossary-items-group .sps-glossary-items-content {margin-right: -10px;margin-left: -10px;}#pcp_wrapper-1681 .sp-pcp-row [class*='sp-pcp-col-']{padding-right: 10px;padding-left: 10px; padding-bottom:20px;}.pcp-wrapper-1681 .sp-pcp-title a {color: #111;display: inherit;} .pcp-wrapper-1681 .sp-pcp-title a:hover {color: #e1624b;}#pcp_wrapper-1681 .dots .swiper-pagination-bullet{ background: #cccccc; } #pcp_wrapper-1681 .dots .swiper-pagination-bullet-active { background: #D64224; }#pcp_wrapper-1681 .pcp-button-prev,#pcp_wrapper-1681 .pcp-button-next{ background-image: none; background-size: auto; background-color: #fff; height: 33px; width: 33px; margin-top: 8px; border: 1px solid #aaa; text-align: center; line-height: 30px; -webkit-transition: 0.3s; border-radius: 0px; }#pcp_wrapper-1681 .pcp-button-prev:hover, #pcp_wrapper-1681 .pcp-button-next:hover{ background-color: #D64224; border-color: #e1624b; } #pcp_wrapper-1681 .pcp-button-prev .fa, #pcp_wrapper-1681 .pcp-button-next .fa { color: #aaa; } #pcp_wrapper-1681 .pcp-button-prev:hover .fa, #pcp_wrapper-1681 .pcp-button-next:hover .fa { color: #fff; } #pcp_wrapper-1681.pcp-carousel-wrapper .sp-pcp-post{ margin-top: 0; }#pcp_wrapper-1681 .sp-pcp-post {padding: 0 0 0 0;}#pcp_wrapper-1681.sp-slider_layout .sp-pcp-post .sp-pcp-post-details {top: 0; right:0; bottom:0; left:0;}#pcp_wrapper-1681 .sp-pcp-post {border: 0px solid #e2e2e2; border-radius: 0px }#pcp_wrapper-1681 .sp-pcp-post{background-color: transparent;}#pcp_wrapper-1681 .pcp-post-thumb-wrapper{border: 0px solid #dddddd;border-radius:0px;}.pcp-wrapper-1681 .sp-pcp-post-meta li,.pcp-wrapper-1681 .sp-pcp-post-meta ul,.pcp-wrapper-1681 .sp-pcp-post-meta li a{color: #888;}.pcp-wrapper-1681 .sp-pcp-post-meta li a:hover{color: #e1624b;}#pcp_wrapper-1681 .pcp-readmore-link{ background: transparent; color: #111; border: 1px solid #888; border-radius: 0px; } #pcp_wrapper-1681 .pcp-readmore-link:hover { background-color: #e1624b; color: #fff; border-color: #e1624b; }#pcp_wrapper-1681 .pcp-post-pagination .page-numbers.current, #pcp_wrapper-1681 .pcp-post-pagination a.active , #pcp_wrapper-1681 .pcp-post-pagination a:hover{ color: #ffffff; background: #e1624b; border-color: #e1624b; }#pcp_wrapper-1681 .pcp-post-pagination .page-numbers, .pcp-post-pagination a{ background: #ffffff; color:#5e5e5e; border: 2px solid #bbbbbb;border-radius: 2px; }#pcp_wrapper-1681 .pcp-post-pagination{text-align: left;}@media (min-width: 1200px) {.sp-pcp-row .sp-pcp-col-xl-1 {flex: 0 0 100%;}.sp-pcp-row .sp-pcp-col-xl-2 {flex: 1 1 calc( 50% - 20px);}.sp-pcp-row .sp-pcp-col-xl-3 {flex: 1 1 calc( 33.333% - 20px);}.sp-pcp-row .sp-pcp-col-xl-4 {flex: 1 1 calc( 25% - 20px);}.sp-pcp-row .sp-pcp-col-xl-5 { flex: 1 1 calc( 20% - 20px);}.sp-pcp-row .sp-pcp-col-xl-6 {flex: 1 1 calc( 16.66666666666667% - 20px);}.sp-pcp-row .sp-pcp-col-xl-7 {flex: 1 1 calc( 14.28571428% - 20px);}.sp-pcp-row .sp-pcp-col-xl-8 {flex: 1 1 calc( 12.5% - 20px);}}@media (max-width: 1200px) {.sp-pcp-row .sp-pcp-col-lg-1 {flex: 0 0 100%;}.sp-pcp-row .sp-pcp-col-lg-2 {flex: 1 1 calc( 50% - 20px);}.sp-pcp-row .sp-pcp-col-lg-3 {flex: 1 1 calc( 33.333% - 20px);}.sp-pcp-row .sp-pcp-col-lg-4 {flex: 1 1 calc( 25% - 20px);}.sp-pcp-row .sp-pcp-col-lg-5 { flex: 1 1 calc( 20% - 20px);}.sp-pcp-row .sp-pcp-col-lg-6 {flex: 1 1 calc( 16.66666666666667% - 20px);}.sp-pcp-row .sp-pcp-col-lg-7 {flex: 1 1 calc( 14.28571428% - 20px);}.sp-pcp-row .sp-pcp-col-lg-8 {flex: 1 1 calc( 12.5% - 20px);}}@media (max-width: 992px) {.sp-pcp-row .sp-pcp-col-md-1 {flex: 0 0 100%;}.sp-pcp-row .sp-pcp-col-md-2 {flex: 1 1 calc( 50% - 20px);}.sp-pcp-row .sp-pcp-col-md-2-5 {flex: 0 0 75%;}.sp-pcp-row .sp-pcp-col-md-3 {flex: 1 1 calc( 33.333% - 20px);}.sp-pcp-row .sp-pcp-col-md-4 {flex: 1 1 calc( 25% - 20px);}.sp-pcp-row .sp-pcp-col-md-5 { flex: 1 1 calc( 20% - 20px);}.sp-pcp-row .sp-pcp-col-md-6 {flex: 1 1 calc( 16.66666666666667% - 20px);}.sp-pcp-row .sp-pcp-col-md-7 {flex: 1 1 calc( 14.28571428% - 20px);}.sp-pcp-row .sp-pcp-col-md-8 {flex: 1 1 calc( 12.5% - 20px);}}@media (max-width: 768px) {.sp-pcp-row .sp-pcp-col-sm-1 {flex: 0 0 100%;}.sp-pcp-row .sp-pcp-col-sm-2 {flex: 1 1 calc( 50% - 20px);}.sp-pcp-row .sp-pcp-col-sm-2-5 {flex: 0 0 75%;}.sp-pcp-row .sp-pcp-col-sm-3 {flex: 1 1 calc( 33.333% - 20px);}.sp-pcp-row .sp-pcp-col-sm-4 {flex: 1 1 calc( 25% - 20px);}.sp-pcp-row .sp-pcp-col-sm-5 { flex: 1 1 calc( 20% - 20px);}.sp-pcp-row .sp-pcp-col-sm-6 {flex: 1 1 calc( 16.66666666666667% - 20px);}.sp-pcp-row .sp-pcp-col-sm-7 {flex: 1 1 calc( 14.28571428% - 20px);}.sp-pcp-row .sp-pcp-col-sm-8 {flex: 1 1 calc( 12.5% - 20px);}}@media (max-width: 420px) {.sp-pcp-row .sp-pcp-col-xs-1 {flex: 0 0 100%;}.sp-pcp-row .sp-pcp-col-xs-2 {flex: 1 1 calc( 50% - 20px);}.sp-pcp-row .sp-pcp-col-xs-3 {flex: 1 1 calc( 33.333% - 20px);}.sp-pcp-row .sp-pcp-col-xs-4 {flex: 1 1 calc( 25% - 20px);}.sp-pcp-row .sp-pcp-col-xs-5 { flex: 1 1 calc( 20% - 20px);}.sp-pcp-row .sp-pcp-col-xs-6 {flex: 1 1 calc( 16.66666666666667% - 20px);}.sp-pcp-row .sp-pcp-col-xs-7 {flex: 1 1 calc( 14.28571428% - 20px);}.sp-pcp-row .sp-pcp-col-xs-8 {flex: 1 1 calc( 12.5% - 20px);}}<\/style><!-- Markup Starts -->\n<div id=\"pcp_wrapper-1681\" class=\"sp-pcp-section sp-pcp-container pcp-wrapper-1681 pcp-carousel-wrapper standard sp-carousel_layout\" data-sid=\"1681\">\n\t<div id=\"sp-pcp-id-1681\" class=\"swiper-container sp-pcp-carousel top_right\" dir=\"ltr\" data-carousel='{ \"speed\":600, \"items\":4, \"spaceBetween\":20, \"dynamicBullets\": false, \"navigation\":true, \"pagination\": true, \"autoplay\": true, \"autoplay_speed\": 2000, \"loop\": true, \"autoHeight\": false, \"lazy\":  true, \"simulateTouch\": true, \"freeMode\": false, \"slider_mouse_wheel\": false,\"allowTouchMove\": true, \"slidesPerView\": {\"lg_desktop\": 4, \"desktop\": 4, \"tablet\": 3, \"mobile_landscape\": 2, \"mobile\": 1}, \"navigation_mobile\": true, \"pagination_mobile\": true, \"stop_onHover\": true, \"enabled\": true, \"prevSlideMessage\": \"Previous slide\", \"nextSlideMessage\": \"Next slide\", \"firstSlideMessage\": \"This is the first slide\", \"lastSlideMessage\": \"This is the last slide\", \"keyboard\": \"true\", \"paginationBulletMessage\": \"Go to slide {{index}}\" }'>\n\t\t\t<div class=\"swiper-wrapper\">\n\t\t\t\t\t\t<div class=\" swiper-slide swiper-lazy\">\n\t\t\t<div class=\"sp-pcp-post default pcp-item-442\" data-id=\"442\">\n\t\t\t\t\t\t\t\t<div class=\"pcp-post-thumb-wrapper\">\n\t\t\t\t\t<div class=\"sp-pcp-post-thumb-area\">\n\t\t\t\t\t\t\t\t\t\t\t\t<a class=\"sp-pcp-thumb\" href=\"https:\/\/estudiodetitulo.net\/en\/%f0%9f%8f%b0%ef%b8%8f-conoce-nuestro-proceso-de-solicitud-de-estudio-de-titulo\/\" target=\"_self\" >\n\t\t\t\t\t\t\t\t\t\t\t\t\t<img decoding=\"async\" src=\"https:\/\/estudiodetitulo.net\/wp-content\/uploads\/2025\/05\/ra-6.png\" width=\"313\" height=\"313\" alt=\"\">\n\t\t\t\t\t\t<\/a>\n\t\t\t\t\t<\/div>\n\t\t\t\t<\/div>\n\t\t\t\t\t\t\t\t<div class=\"sp-pcp-post-details\">\n\t\t\t\t\t<div class=\"sp-pcp-post-details-content\">\n\t\t\t\t\t\t\t\t<h2 class=\"sp-pcp-title\">\n\t\t\t\t\t\t\t\t\t<a href=\"https:\/\/estudiodetitulo.net\/en\/%f0%9f%8f%b0%ef%b8%8f-conoce-nuestro-proceso-de-solicitud-de-estudio-de-titulo\/\"  target=\"_self\">\ud83c\udff0\ufe0f \u00a1Conoce Nuestro Proceso de Solicitud de Estudio de T\u00edtulo!<\/a>\t\t\t\t\t\t\t<\/h2>\n\t\t\t\t\t\t<div class=\"sp-pcp-post-content\">\n\t\t\t\t\t<div class=\"sp-pcp-readmore\">\n\t\t\t\t\t\t\t<a class=\"pcp-readmore-link\" target=\"_self\" href=\"https:\/\/estudiodetitulo.net\/en\/%f0%9f%8f%b0%ef%b8%8f-conoce-nuestro-proceso-de-solicitud-de-estudio-de-titulo\/\" >\n\t\t\t\t\t\tMas detalles <\/a>\n\t\t<\/div>\n\t\t\t\t\t<\/div>\n\t\t\t\t\t\t\t\t<\/div>\n\t\t\t\t<\/div>\n\t\t\t<\/div>\n\t\t<\/div>\n\t\t\t\t<div class=\" swiper-slide swiper-lazy\">\n\t\t\t<div class=\"sp-pcp-post default pcp-item-265\" data-id=\"265\">\n\t\t\t\t\t\t\t\t<div class=\"pcp-post-thumb-wrapper\">\n\t\t\t\t\t<div class=\"sp-pcp-post-thumb-area\">\n\t\t\t\t\t\t\t\t\t\t\t\t<a class=\"sp-pcp-thumb\" href=\"https:\/\/estudiodetitulo.net\/en\/no-tiene-los-datos-registrales-de-su-propiedad-aqui-le-explicamos-que-hacer\/\" target=\"_self\" >\n\t\t\t\t\t\t\t\t\t\t\t\t\t<img decoding=\"async\" src=\"https:\/\/estudiodetitulo.net\/wp-content\/uploads\/2025\/05\/Untitled-design-53.png\" width=\"313\" height=\"313\" alt=\"\">\n\t\t\t\t\t\t<\/a>\n\t\t\t\t\t<\/div>\n\t\t\t\t<\/div>\n\t\t\t\t\t\t\t\t<div class=\"sp-pcp-post-details\">\n\t\t\t\t\t<div class=\"sp-pcp-post-details-content\">\n\t\t\t\t\t\t\t\t<h2 class=\"sp-pcp-title\">\n\t\t\t\t\t\t\t\t\t<a href=\"https:\/\/estudiodetitulo.net\/en\/no-tiene-los-datos-registrales-de-su-propiedad-aqui-le-explicamos-que-hacer\/\"  target=\"_self\">\ud83c\udfe1 Datos Registrales: \u00bfQu\u00e9 hacer si no los tienes?<\/a>\t\t\t\t\t\t\t<\/h2>\n\t\t\t\t\t\t<div class=\"sp-pcp-post-content\">\n\t\t\t\t\t<div class=\"sp-pcp-readmore\">\n\t\t\t\t\t\t\t<a class=\"pcp-readmore-link\" target=\"_self\" href=\"https:\/\/estudiodetitulo.net\/en\/no-tiene-los-datos-registrales-de-su-propiedad-aqui-le-explicamos-que-hacer\/\" >\n\t\t\t\t\t\tMas detalles <\/a>\n\t\t<\/div>\n\t\t\t\t\t<\/div>\n\t\t\t\t\t\t\t\t<\/div>\n\t\t\t\t<\/div>\n\t\t\t<\/div>\n\t\t<\/div>\n\t\t\t\t<div class=\" swiper-slide swiper-lazy\">\n\t\t\t<div class=\"sp-pcp-post default pcp-item-168\" data-id=\"168\">\n\t\t\t\t\t\t\t\t<div class=\"pcp-post-thumb-wrapper\">\n\t\t\t\t\t<div class=\"sp-pcp-post-thumb-area\">\n\t\t\t\t\t\t\t\t\t\t\t\t<a class=\"sp-pcp-thumb\" href=\"https:\/\/estudiodetitulo.net\/en\/documentos-e-informacion-necesaria-para-realizar-un-estudio-de-titulo\/\" target=\"_self\" >\n\t\t\t\t\t\t\t\t\t\t\t\t\t<img loading=\"lazy\" decoding=\"async\" src=\"https:\/\/estudiodetitulo.net\/wp-content\/uploads\/2025\/05\/ra-10.png\" width=\"313\" height=\"313\" alt=\"\">\n\t\t\t\t\t\t<\/a>\n\t\t\t\t\t<\/div>\n\t\t\t\t<\/div>\n\t\t\t\t\t\t\t\t<div class=\"sp-pcp-post-details\">\n\t\t\t\t\t<div class=\"sp-pcp-post-details-content\">\n\t\t\t\t\t\t\t\t<h2 class=\"sp-pcp-title\">\n\t\t\t\t\t\t\t\t\t<a href=\"https:\/\/estudiodetitulo.net\/en\/documentos-e-informacion-necesaria-para-realizar-un-estudio-de-titulo\/\"  target=\"_self\">\ud83d\udcd1 Requisitos: Documentos e informaci\u00f3n necesaria para realizar un Estudio de T\u00edtulo<\/a>\t\t\t\t\t\t\t<\/h2>\n\t\t\t\t\t\t<div class=\"sp-pcp-post-content\">\n\t\t\t\t\t<div class=\"sp-pcp-readmore\">\n\t\t\t\t\t\t\t<a class=\"pcp-readmore-link\" target=\"_self\" href=\"https:\/\/estudiodetitulo.net\/en\/documentos-e-informacion-necesaria-para-realizar-un-estudio-de-titulo\/\" >\n\t\t\t\t\t\tMas detalles <\/a>\n\t\t<\/div>\n\t\t\t\t\t<\/div>\n\t\t\t\t\t\t\t\t<\/div>\n\t\t\t\t<\/div>\n\t\t\t<\/div>\n\t\t<\/div>\n\t\t\t\t<div class=\" swiper-slide swiper-lazy\">\n\t\t\t<div class=\"sp-pcp-post default pcp-item-246\" data-id=\"246\">\n\t\t\t\t\t\t\t\t<div class=\"pcp-post-thumb-wrapper\">\n\t\t\t\t\t<div class=\"sp-pcp-post-thumb-area\">\n\t\t\t\t\t\t\t\t\t\t\t\t<a class=\"sp-pcp-thumb\" href=\"https:\/\/estudiodetitulo.net\/en\/cuanto-cuesta-un-estudio-de-titulo-en-puerto-rico\/\" target=\"_self\" >\n\t\t\t\t\t\t\t\t\t\t\t\t\t<img loading=\"lazy\" decoding=\"async\" src=\"https:\/\/estudiodetitulo.net\/wp-content\/uploads\/2025\/05\/ra-3.png\" width=\"313\" height=\"313\" alt=\"\">\n\t\t\t\t\t\t<\/a>\n\t\t\t\t\t<\/div>\n\t\t\t\t<\/div>\n\t\t\t\t\t\t\t\t<div class=\"sp-pcp-post-details\">\n\t\t\t\t\t<div class=\"sp-pcp-post-details-content\">\n\t\t\t\t\t\t\t\t<h2 class=\"sp-pcp-title\">\n\t\t\t\t\t\t\t\t\t<a href=\"https:\/\/estudiodetitulo.net\/en\/cuanto-cuesta-un-estudio-de-titulo-en-puerto-rico\/\"  target=\"_self\">\ud83d\udcb5 Costo de Servicios: \u00bfCu\u00e1nto cuesta un estudio de t\u00edtulo en Puerto Rico?<\/a>\t\t\t\t\t\t\t<\/h2>\n\t\t\t\t\t\t<div class=\"sp-pcp-post-content\">\n\t\t\t\t\t<div class=\"sp-pcp-readmore\">\n\t\t\t\t\t\t\t<a class=\"pcp-readmore-link\" target=\"_self\" href=\"https:\/\/estudiodetitulo.net\/en\/cuanto-cuesta-un-estudio-de-titulo-en-puerto-rico\/\" >\n\t\t\t\t\t\tMas detalles <\/a>\n\t\t<\/div>\n\t\t\t\t\t<\/div>\n\t\t\t\t\t\t\t\t<\/div>\n\t\t\t\t<\/div>\n\t\t\t<\/div>\n\t\t<\/div>\n\t\t\t\t<div class=\" swiper-slide swiper-lazy\">\n\t\t\t<div class=\"sp-pcp-post default pcp-item-240\" data-id=\"240\">\n\t\t\t\t\t\t\t\t<div class=\"pcp-post-thumb-wrapper\">\n\t\t\t\t\t<div class=\"sp-pcp-post-thumb-area\">\n\t\t\t\t\t\t\t\t\t\t\t\t<a class=\"sp-pcp-thumb\" href=\"https:\/\/estudiodetitulo.net\/en\/que-metodos-de-pago-estan-disponibles\/\" target=\"_self\" >\n\t\t\t\t\t\t\t\t\t\t\t\t\t<img loading=\"lazy\" decoding=\"async\" src=\"https:\/\/estudiodetitulo.net\/wp-content\/uploads\/2025\/05\/Untitled-design-51.png\" width=\"313\" height=\"313\" alt=\"\">\n\t\t\t\t\t\t<\/a>\n\t\t\t\t\t<\/div>\n\t\t\t\t<\/div>\n\t\t\t\t\t\t\t\t<div class=\"sp-pcp-post-details\">\n\t\t\t\t\t<div class=\"sp-pcp-post-details-content\">\n\t\t\t\t\t\t\t\t<h2 class=\"sp-pcp-title\">\n\t\t\t\t\t\t\t\t\t<a href=\"https:\/\/estudiodetitulo.net\/en\/que-metodos-de-pago-estan-disponibles\/\"  target=\"_self\">\ud83d\udcb3 Opciones de Pago: \u00bfQu\u00e9 m\u00e9todos de pago est\u00e1n disponibles?<\/a>\t\t\t\t\t\t\t<\/h2>\n\t\t\t\t\t\t<div class=\"sp-pcp-post-content\">\n\t\t\t\t\t<div class=\"sp-pcp-readmore\">\n\t\t\t\t\t\t\t<a class=\"pcp-readmore-link\" target=\"_self\" href=\"https:\/\/estudiodetitulo.net\/en\/que-metodos-de-pago-estan-disponibles\/\" >\n\t\t\t\t\t\tMas detalles <\/a>\n\t\t<\/div>\n\t\t\t\t\t<\/div>\n\t\t\t\t\t\t\t\t<\/div>\n\t\t\t\t<\/div>\n\t\t\t<\/div>\n\t\t<\/div>\n\t\t\t\t\t<\/div>\n\t\t\t\t\t\t<div class=\"pcp-pagination swiper-pagination dots\"><\/div>\n\t\t\t\t\t\t\t\t\t\t<div class=\"pcp-button-next swiper-button-next top_right\"><i class=\"fa fa-angle-right\"><\/i><\/div>\n\t\t\t\t<div class=\"pcp-button-prev swiper-button-prev top_right\"><i class=\"fa fa-angle-left\"><\/i><\/div>\t<\/div>\n<\/div>\n<\/div>\n\t\t\t\t\t\t<\/div>\n\t\t\t\t<\/div>\n\t\t\t\t\t<\/div>\n\t\t\t\t<\/div>\n\t\t\t\t<\/div>\n\t\t","protected":false},"excerpt":{"rendered":"<p>In Study Title we are directly connected with the Registration of Ownership of Puerto Rico, which allows real time access to the information officer of each of the 78 municipalities. Thanks to this linkage, we guarantee precise analysis, fast response times and the legal certainty that your property deserves.<\/p>","protected":false},"author":1,"featured_media":0,"parent":0,"menu_order":0,"comment_status":"closed","ping_status":"closed","template":"","meta":{"om_disable_all_campaigns":false,"_themeisle_gutenberg_block_has_review":false,"footnotes":""},"class_list":["post-1604","page","type-page","status-publish","hentry"],"aioseo_notices":[],"_links":{"self":[{"href":"https:\/\/estudiodetitulo.net\/en\/wp-json\/wp\/v2\/pages\/1604","targetHints":{"allow":["GET"]}}],"collection":[{"href":"https:\/\/estudiodetitulo.net\/en\/wp-json\/wp\/v2\/pages"}],"about":[{"href":"https:\/\/estudiodetitulo.net\/en\/wp-json\/wp\/v2\/types\/page"}],"author":[{"embeddable":true,"href":"https:\/\/estudiodetitulo.net\/en\/wp-json\/wp\/v2\/users\/1"}],"replies":[{"embeddable":true,"href":"https:\/\/estudiodetitulo.net\/en\/wp-json\/wp\/v2\/comments?post=1604"}],"version-history":[{"count":0,"href":"https:\/\/estudiodetitulo.net\/en\/wp-json\/wp\/v2\/pages\/1604\/revisions"}],"wp:attachment":[{"href":"https:\/\/estudiodetitulo.net\/en\/wp-json\/wp\/v2\/media?parent=1604"}],"curies":[{"name":"wp","href":"https:\/\/api.w.org\/{rel}","templated":true}]}}