{"id":2267,"date":"2025-10-03T08:59:04","date_gmt":"2025-10-03T12:59:04","guid":{"rendered":"https:\/\/estudiodetitulo.net\/?page_id=2267"},"modified":"2025-10-03T09:02:04","modified_gmt":"2025-10-03T13:02:04","slug":"facturacion","status":"publish","type":"page","link":"https:\/\/estudiodetitulo.net\/en\/facturacion\/","title":{"rendered":"Billing"},"content":{"rendered":"<div data-elementor-type=\"wp-page\" data-elementor-id=\"2267\" class=\"elementor elementor-2267\">\n\t\t\t\t<div class=\"elementor-element elementor-element-d8708ef e-flex e-con-boxed e-con e-parent\" data-id=\"d8708ef\" data-element_type=\"container\" data-e-type=\"container\">\n\t\t\t\t\t<div class=\"e-con-inner\">\n\t\t\t\t<div class=\"elementor-element elementor-element-7737a04 elementor-widget elementor-widget-stea_post_grid\" data-id=\"7737a04\" data-element_type=\"widget\" data-e-type=\"widget\" data-widget_type=\"stea_post_grid.default\">\n\t\t\t\t<div class=\"elementor-widget-container\">\n\t\t\t\t\t<div class=\"stea-product-grid-wrap\"><div class=\"stea-post-grid-item\"><div class=\"stea-feature-image\"><img decoding=\"async\" src=\"https:\/\/estudiodetitulo.net\/wp-content\/uploads\/2025\/05\/Untitled-design-33.png\" class=\"img-fluid stea-feature-image\" alt=\"\ud83c\udfe1 Cotizaci\u00f3n Gratuita para Estudio de T\u00edtulo\" loading=\"lazy\"><\/div><h5 class=\"stea-post-grid-title\"><a href=\"https:\/\/estudiodetitulo.net\/en\/%f0%9f%8f%a1-cotizacion-gratuita-para-estudio-de-titulo\/\"><span>\ud83c\udfe1 Free quote for Study Title<\/span><\/a><\/h5><p class=\"stea-post-grid-description\">\u00bfVas a comprar, vender o transferir una propiedad? \u00a1Solicita tu cotizaci\u00f3n gratuita en minutos! En Estudio de T\u00edtulo Puerto Rico...<\/p><div class=\"stea-post-grid-btn-wrapper\"><a href=\"https:\/\/estudiodetitulo.net\/en\/%f0%9f%8f%a1-cotizacion-gratuita-para-estudio-de-titulo\/\" class=\"button stea-product-grid-btn\"><span class=\"stea-post-grid-button-text\">Read More<\/span><i class=\"fas fa-arrow-right\"><\/i><\/a><\/div><\/div><div class=\"stea-post-grid-item\"><div class=\"stea-feature-image\"><img decoding=\"async\" src=\"https:\/\/estudiodetitulo.net\/wp-content\/uploads\/2025\/05\/ra-17.png\" class=\"img-fluid stea-feature-image\" alt=\"\ud83d\udce1 Soluciones para Empresas de Telecomunicaciones y Servicios P\u00fablicos\" loading=\"lazy\"><\/div><h5 class=\"stea-post-grid-title\"><a href=\"https:\/\/estudiodetitulo.net\/en\/%f0%9f%93%a1-soluciones-para-empresas-de-telecomunicaciones-y-servicios-publicos\/\"><span>\ud83d\udce1 Solutions for Telecommunications Companies and Public Services<\/span><\/a><\/h5><p class=\"stea-post-grid-description\">Infraestructura con Respaldo Legal En Estudio de T\u00edtulo Puerto Rico, apoyamos a compa\u00f1\u00edas de telecomunicaciones, energ\u00eda, agua y servicios esenciales...<\/p><div class=\"stea-post-grid-btn-wrapper\"><a href=\"https:\/\/estudiodetitulo.net\/en\/%f0%9f%93%a1-soluciones-para-empresas-de-telecomunicaciones-y-servicios-publicos\/\" class=\"button stea-product-grid-btn\"><span class=\"stea-post-grid-button-text\">Read More<\/span><i class=\"fas fa-arrow-right\"><\/i><\/a><\/div><\/div><div class=\"stea-post-grid-item\"><div class=\"stea-feature-image\"><img decoding=\"async\" src=\"https:\/\/estudiodetitulo.net\/wp-content\/uploads\/2025\/05\/Untitled-design-26.png\" class=\"img-fluid stea-feature-image\" alt=\"\ud83d\udccf Soluciones para Agrimensores y Tasadores\" loading=\"lazy\"><\/div><h5 class=\"stea-post-grid-title\"><a href=\"https:\/\/estudiodetitulo.net\/en\/%f0%9f%93%8f-soluciones-para-agrimensores-y-tasadores\/\"><span>\ud83d\udccf Solutions for Surveyors and Appraisers<\/span><\/a><\/h5><p class=\"stea-post-grid-description\">Exactitud Registral para Medici\u00f3n y Valoraci\u00f3n Precisa En Estudio de T\u00edtulo Puerto Rico, comprendemos que la base de un buen...<\/p><div class=\"stea-post-grid-btn-wrapper\"><a href=\"https:\/\/estudiodetitulo.net\/en\/%f0%9f%93%8f-soluciones-para-agrimensores-y-tasadores\/\" class=\"button stea-product-grid-btn\"><span class=\"stea-post-grid-button-text\">Read More<\/span><i class=\"fas fa-arrow-right\"><\/i><\/a><\/div><\/div><div class=\"stea-post-grid-item\"><div class=\"stea-feature-image\"><img decoding=\"async\" src=\"https:\/\/estudiodetitulo.net\/wp-content\/uploads\/2025\/05\/Untitled-design-23.png\" class=\"img-fluid stea-feature-image\" alt=\"\ud83c\udfe2 Soluciones para Corredores de Bienes Ra\u00edces\" loading=\"lazy\"><\/div><h5 class=\"stea-post-grid-title\"><a href=\"https:\/\/estudiodetitulo.net\/en\/%f0%9f%8f%a2-soluciones-para-corredores-de-bienes-raices\/\"><span>\ud83c\udfe2 Solutions for Real Estate Brokers<\/span><\/a><\/h5><p class=\"stea-post-grid-description\">Valida. Protege. Cierra con Confianza. En el acelerado mundo de las transacciones inmobiliarias, cada minuto cuenta y cada detalle legal...<\/p><div class=\"stea-post-grid-btn-wrapper\"><a href=\"https:\/\/estudiodetitulo.net\/en\/%f0%9f%8f%a2-soluciones-para-corredores-de-bienes-raices\/\" class=\"button stea-product-grid-btn\"><span class=\"stea-post-grid-button-text\">Read More<\/span><i class=\"fas fa-arrow-right\"><\/i><\/a><\/div><\/div><div class=\"stea-post-grid-item\"><div class=\"stea-feature-image\"><img decoding=\"async\" src=\"https:\/\/estudiodetitulo.net\/wp-content\/uploads\/2025\/05\/ra-14.png\" class=\"img-fluid stea-feature-image\" alt=\"\ud83c\udfe2 Servicios Especializados para el Sector Inmobiliario y Financiero\" loading=\"lazy\"><\/div><h5 class=\"stea-post-grid-title\"><a href=\"https:\/\/estudiodetitulo.net\/en\/%f0%9f%8f%a2-servicios-especializados-para-el-sector-inmobiliario-y-financiero\/\"><span>\ud83c\udfe2 Specialized Services for the Real Estate Sector and Financial<\/span><\/a><\/h5><p class=\"stea-post-grid-description\">Brindamos seguridad y certeza en cada transacci\u00f3n. En Estudio de T\u00edtulo Puerto Rico, trabajamos mano a mano con profesionales del...<\/p><div class=\"stea-post-grid-btn-wrapper\"><a href=\"https:\/\/estudiodetitulo.net\/en\/%f0%9f%8f%a2-servicios-especializados-para-el-sector-inmobiliario-y-financiero\/\" class=\"button stea-product-grid-btn\"><span class=\"stea-post-grid-button-text\">Read More<\/span><i class=\"fas fa-arrow-right\"><\/i><\/a><\/div><\/div><div class=\"stea-post-grid-item\"><div class=\"stea-feature-image\"><img decoding=\"async\" src=\"https:\/\/estudiodetitulo.net\/wp-content\/uploads\/2025\/05\/Untitled-design-24.png\" class=\"img-fluid stea-feature-image\" alt=\"\ud83c\udfd7\ufe0f Servicios para Desarrollo y Construcci\u00f3n\" loading=\"lazy\"><\/div><h5 class=\"stea-post-grid-title\"><a href=\"https:\/\/estudiodetitulo.net\/en\/%f0%9f%8f%97%ef%b8%8f-servicios-para-desarrollo-y-construccion\/\"><span>\ud83c\udfd7\ufe0f Services for Development and Construction<\/span><\/a><\/h5><p class=\"stea-post-grid-description\">Construye sobre una base legal segura. En Estudio de T\u00edtulo Puerto Rico, respaldamos a empresas constructoras, arquitectos e ingenieros asegurando...<\/p><div class=\"stea-post-grid-btn-wrapper\"><a href=\"https:\/\/estudiodetitulo.net\/en\/%f0%9f%8f%97%ef%b8%8f-servicios-para-desarrollo-y-construccion\/\" class=\"button stea-product-grid-btn\"><span class=\"stea-post-grid-button-text\">Read More<\/span><i class=\"fas fa-arrow-right\"><\/i><\/a><\/div><\/div><\/div><div class=\"stea-pagination\" style=\"margin-top:20px;\"><span aria-current=\"page\" class=\"page-numbers current\">1<\/span>\n<a class=\"page-numbers\" href=\"https:\/\/estudiodetitulo.net\/en\/wp-json\/wp\/v2\/pages\/2267\/page\/2\/\">2<\/a>\n<a class=\"page-numbers\" href=\"https:\/\/estudiodetitulo.net\/en\/wp-json\/wp\/v2\/pages\/2267\/page\/3\/\">3<\/a>\n<span class=\"page-numbers dots\">&hellip;<\/span>\n<a class=\"page-numbers\" href=\"https:\/\/estudiodetitulo.net\/en\/wp-json\/wp\/v2\/pages\/2267\/page\/9\/\">9<\/a>\n<a class=\"next page-numbers\" href=\"https:\/\/estudiodetitulo.net\/en\/wp-json\/wp\/v2\/pages\/2267\/page\/2\/\">Next &raquo;<\/a><\/div>\t\t\t\t<\/div>\n\t\t\t\t<\/div>\n\t\t\t\t\t<\/div>\n\t\t\t\t<\/div>\n\t\t\t\t<\/div>","protected":false},"excerpt":{"rendered":"<p>\ud83c\udfe1 Cotizaci\u00f3n Gratuita para Estudio de T\u00edtulo \u00bfVas a comprar, vender o transferir una propiedad? \u00a1Solicita tu cotizaci\u00f3n gratuita en minutos! En Estudio de T\u00edtulo Puerto Rico&#8230; Read More \ud83c\udfe1 Cotizaci\u00f3n Gratuita para Estudio de T\u00edtulo \u00bfVas a comprar, vender o transferir una propiedad? \u00a1Solicita tu cotizaci\u00f3n gratuita en minutos! En Estudio de T\u00edtulo Puerto [&hellip;]<\/p>\n","protected":false},"author":1,"featured_media":0,"parent":0,"menu_order":0,"comment_status":"closed","ping_status":"closed","template":"","meta":{"om_disable_all_campaigns":false,"_themeisle_gutenberg_block_has_review":false,"footnotes":""},"class_list":["post-2267","page","type-page","status-publish","hentry"],"aioseo_notices":[],"_links":{"self":[{"href":"https:\/\/estudiodetitulo.net\/en\/wp-json\/wp\/v2\/pages\/2267","targetHints":{"allow":["GET"]}}],"collection":[{"href":"https:\/\/estudiodetitulo.net\/en\/wp-json\/wp\/v2\/pages"}],"about":[{"href":"https:\/\/estudiodetitulo.net\/en\/wp-json\/wp\/v2\/types\/page"}],"author":[{"embeddable":true,"href":"https:\/\/estudiodetitulo.net\/en\/wp-json\/wp\/v2\/users\/1"}],"replies":[{"embeddable":true,"href":"https:\/\/estudiodetitulo.net\/en\/wp-json\/wp\/v2\/comments?post=2267"}],"version-history":[{"count":0,"href":"https:\/\/estudiodetitulo.net\/en\/wp-json\/wp\/v2\/pages\/2267\/revisions"}],"wp:attachment":[{"href":"https:\/\/estudiodetitulo.net\/en\/wp-json\/wp\/v2\/media?parent=2267"}],"curies":[{"name":"wp","href":"https:\/\/api.w.org\/{rel}","templated":true}]}}