{"id":351,"date":"2025-02-25T13:52:45","date_gmt":"2025-02-25T13:52:45","guid":{"rendered":"https:\/\/estudiodetitulo.net\/?page_id=351"},"modified":"2025-10-03T14:23:37","modified_gmt":"2025-10-03T18:23:37","slug":"%f0%9f%94%8d-buscar-en-manual","status":"publish","type":"page","link":"https:\/\/estudiodetitulo.net\/en\/%f0%9f%94%8d-buscar-en-manual\/","title":{"rendered":"\ud83d\udd0d Search Manual"},"content":{"rendered":"<form role=\"search\" method=\"get\" action=\"https:\/\/estudiodetitulo.net\/en\/\" class=\"wp-block-search__button-outside wp-block-search__text-button wp-block-search\" data-trp-original-action=\"https:\/\/estudiodetitulo.net\/en\/\"    ><label class=\"wp-block-search__label has-custom-font-size\" for=\"wp-block-search__input-1\" ><strong>Write key words or a question to the search engine to find the information you need.<br><\/strong><\/label><div class=\"wp-block-search__inside-wrapper\"  style=\"width: 1112px\"><input class=\"wp-block-search__input has-custom-font-size\" id=\"wp-block-search__input-1\" placeholder=\"Search\" value=\"\" type=\"search\" name=\"s\" required \/><button aria-label=\"Search\" class=\"wp-block-search__button has-text-color has-base-color has-background has-contrast-background-color has-custom-font-size wp-element-button\" type=\"submit\" >Search<\/button><\/div><input type=\"hidden\" name=\"trp-form-language\" value=\"en\"\/><\/form>\n\n\n\n\n<p class=\"\">\ud83d\udca1 <strong>Search examples:<\/strong><\/p>\n\n\n\n<ul class=\"wp-block-list\">\n<li class=\"has-text-color has-link-color wp-elements-a1db8c9efcbbac06a7b5f0c94b30e483\" style=\"color:#5a5a5a\"><em>&#034;How to recover my password&#034;<\/em> \ud83d\udd11<\/li>\n\n\n\n<li class=\"has-text-color has-link-color wp-elements-7ab06ce121fa83336323055194ac08d0\" style=\"color:#5a5a5a\"><em>&#034;Where to view my invoices&#034;<\/em> \ud83d\udcc4<\/li>\n\n\n\n<li class=\"has-text-color has-link-color wp-elements-18a438368b95bfa6dd087aa2e1ecd11c\" style=\"color:#5a5a5a\"><em>&#034;Payment methods available&#034;<\/em> \ud83d\udcb3<\/li>\n\n\n\n<li class=\"has-text-color has-link-color wp-elements-d046b8c6b157e09db2f51990878d8b88\" style=\"color:#5a5a5a\"><em>&#034;State of my studio of title&#034;<\/em> \ud83d\udcdc<\/li>\n<\/ul>\n\n\n\n<p class=\"\">If you can&#039;t find what you&#039;re looking for, visit our section on <strong>\ud83d\udcd6 See Full Manual<\/strong> to access all the guides available.<\/p>\n\n\n\n<p class=\"\">\ud83d\udce9 <strong>Do you still need help?<\/strong> Please contact us through our section <strong>\ud83c\udd98 Support and Assistance.<\/strong><\/p>\n\n\n\n<p class=\"\"><\/p>","protected":false},"excerpt":{"rendered":"<p>\ud83d\udca1 Ejemplos de b\u00fasqueda: Si no encuentras lo que buscas, visita nuestra secci\u00f3n de \ud83d\udcd6 Ver Manual Completo para acceder a todas las gu\u00edas disponibles. \ud83d\udce9 \u00bfA\u00fan necesitas ayuda? Cont\u00e1ctanos a trav\u00e9s de nuestra secci\u00f3n de \ud83c\udd98 Soporte y Asistencia.<\/p>","protected":false},"author":1,"featured_media":0,"parent":0,"menu_order":0,"comment_status":"closed","ping_status":"closed","template":"elementor_theme","meta":{"om_disable_all_campaigns":false,"_themeisle_gutenberg_block_has_review":false,"footnotes":""},"class_list":["post-351","page","type-page","status-publish","hentry"],"aioseo_notices":[],"_links":{"self":[{"href":"https:\/\/estudiodetitulo.net\/en\/wp-json\/wp\/v2\/pages\/351","targetHints":{"allow":["GET"]}}],"collection":[{"href":"https:\/\/estudiodetitulo.net\/en\/wp-json\/wp\/v2\/pages"}],"about":[{"href":"https:\/\/estudiodetitulo.net\/en\/wp-json\/wp\/v2\/types\/page"}],"author":[{"embeddable":true,"href":"https:\/\/estudiodetitulo.net\/en\/wp-json\/wp\/v2\/users\/1"}],"replies":[{"embeddable":true,"href":"https:\/\/estudiodetitulo.net\/en\/wp-json\/wp\/v2\/comments?post=351"}],"version-history":[{"count":0,"href":"https:\/\/estudiodetitulo.net\/en\/wp-json\/wp\/v2\/pages\/351\/revisions"}],"wp:attachment":[{"href":"https:\/\/estudiodetitulo.net\/en\/wp-json\/wp\/v2\/media?parent=351"}],"curies":[{"name":"wp","href":"https:\/\/api.w.org\/{rel}","templated":true}]}}