{"id":556,"date":"2025-03-01T09:47:51","date_gmt":"2025-03-01T13:47:51","guid":{"rendered":"https:\/\/estudiodetitulo.net\/?page_id=556"},"modified":"2025-03-01T11:01:03","modified_gmt":"2025-03-01T15:01:03","slug":"solicitud-de-registro-en-la-plataforma-de-estudio-de-titulo","status":"publish","type":"page","link":"https:\/\/estudiodetitulo.net\/en\/solicitud-de-registro-en-la-plataforma-de-estudio-de-titulo\/","title":{"rendered":"Application for Registration on the Platform of Study Title"},"content":{"rendered":"<div data-elementor-type=\"wp-page\" data-elementor-id=\"556\" class=\"elementor elementor-556\">\n\t\t\t\t<div class=\"elementor-element elementor-element-12ce9722 e-flex e-con-boxed e-con e-parent\" data-id=\"12ce9722\" data-element_type=\"container\" data-e-type=\"container\">\n\t\t\t\t\t<div class=\"e-con-inner\">\n\t\t\t\t<div class=\"elementor-element elementor-element-1df686c elementor-alert-warning elementor-widget elementor-widget-alert\" data-id=\"1df686c\" data-element_type=\"widget\" data-e-type=\"widget\" data-widget_type=\"alert.default\">\n\t\t\t\t<div class=\"elementor-widget-container\">\n\t\t\t\t\t\t\t<div class=\"elementor-alert\" role=\"alert\">\n\n\t\t\t\t\t\t<span class=\"elementor-alert-title\">Important Notice:<\/span>\n\t\t\t\n\t\t\t\t\t\t<span class=\"elementor-alert-description\">This form is only to create an account on the portal. If you want to apply for a study or certification, it is not necessary to complete this form. When you select your study and make the payment, the system will create your account automatically with the email entered in the purchase.\n\n\n\n\n\n\n\n<\/span>\n\t\t\t\n\t\t\t\t\t\t<button type=\"button\" class=\"elementor-alert-dismiss\" aria-label=\"Dismiss this alert.\">\n\t\t\t\t\t\t\t\t\t<span aria-hidden=\"true\">\u00d7<\/span>\n\t\t\t\t\t\t\t<\/button>\n\t\t\t\n\t\t<\/div>\n\t\t\t\t\t\t<\/div>\n\t\t\t\t<\/div>\n\t\t\t\t<div class=\"elementor-element elementor-element-cde5ebb elementor-widget elementor-widget-image\" data-id=\"cde5ebb\" data-element_type=\"widget\" data-e-type=\"widget\" data-widget_type=\"image.default\">\n\t\t\t\t<div class=\"elementor-widget-container\">\n\t\t\t\t\t\t\t\t\t\t\t\t\t\t\t<img fetchpriority=\"high\" decoding=\"async\" width=\"851\" height=\"315\" src=\"https:\/\/estudiodetitulo.net\/wp-content\/uploads\/2025\/02\/Untitled-design-41.png\" class=\"attachment-large size-large wp-image-276\" alt=\"\" srcset=\"https:\/\/estudiodetitulo.net\/wp-content\/uploads\/2025\/02\/Untitled-design-41.png 851w, https:\/\/estudiodetitulo.net\/wp-content\/uploads\/2025\/02\/Untitled-design-41-300x111.png 300w, https:\/\/estudiodetitulo.net\/wp-content\/uploads\/2025\/02\/Untitled-design-41-768x284.png 768w\" sizes=\"(max-width: 851px) 100vw, 851px\" \/>\t\t\t\t\t\t\t\t\t\t\t\t\t\t\t<\/div>\n\t\t\t\t<\/div>\n\t\t\t\t<div class=\"elementor-element elementor-element-3138ad4e elementor-widget elementor-widget-text-editor\" data-id=\"3138ad4e\" data-element_type=\"widget\" data-e-type=\"widget\" data-widget_type=\"text-editor.default\">\n\t\t\t\t<div class=\"elementor-widget-container\">\n\t\t\t\t\t\t\t\t\t\n<p>To complete the registration process at our platform, simply access the registration form <a href=\"https:\/\/app.estudiodetitulo.net\/memberSignup\">this link<\/a> and provide the information requested. Enter your full name, a valid email address and create a secure password. Make sure you accept the terms and conditions before you submit your application. Once registered, you will receive a confirmation email to activate your account. After activation, you can log in and access to all the features available. Remember that the creation of the account is completely free and does not require the purchase of any service.<\/p>\n\n\n\n<p><\/p>\n\t\t\t\t\t\t\t\t<\/div>\n\t\t\t\t<\/div>\n\t\t\t\t<div class=\"elementor-element elementor-element-a95e3af elementor-alert-info elementor-widget elementor-widget-alert\" data-id=\"a95e3af\" data-element_type=\"widget\" data-e-type=\"widget\" data-widget_type=\"alert.default\">\n\t\t\t\t<div class=\"elementor-widget-container\">\n\t\t\t\t\t\t\t<div class=\"elementor-alert\" role=\"alert\">\n\n\t\t\t\t\t\t<span class=\"elementor-alert-title\">Important Notice:<\/span>\n\t\t\t\n\t\t\t\t\t\t<span class=\"elementor-alert-description\">The registration form may take a few seconds to load. This timeout ensures a secure and encrypted connection to our platform, ensuring the protection of your data. Thank you for your patience.<\/span>\n\t\t\t\n\t\t\t\t\t\t<button type=\"button\" class=\"elementor-alert-dismiss\" aria-label=\"Dismiss this alert.\">\n\t\t\t\t\t\t\t\t\t<span aria-hidden=\"true\">\u00d7<\/span>\n\t\t\t\t\t\t\t<\/button>\n\t\t\t\n\t\t<\/div>\n\t\t\t\t\t\t<\/div>\n\t\t\t\t<\/div>\n\t\t\t\t\t<\/div>\n\t\t\t\t<\/div>\n\t\t<div class=\"elementor-element elementor-element-3b83f0a e-flex e-con-boxed e-con e-parent\" data-id=\"3b83f0a\" data-element_type=\"container\" data-e-type=\"container\">\n\t\t\t\t\t<div class=\"e-con-inner\">\n\t\t\t\t<div class=\"elementor-element elementor-element-def0ea6 elementor-widget elementor-widget-html\" data-id=\"def0ea6\" data-element_type=\"widget\" data-e-type=\"widget\" data-widget_type=\"html.default\">\n\t\t\t\t<div class=\"elementor-widget-container\">\n\t\t\t\t\t<script src=\"https:\/\/app.estudiodetitulo.net\/frm\/2rhYEj6J1tbni8YvB.js\"><\/script>\t\t\t\t<\/div>\n\t\t\t\t<\/div>\n\t\t\t\t\t<\/div>\n\t\t\t\t<\/div>\n\t\t\t\t<\/div>","protected":false},"excerpt":{"rendered":"<p>Aviso Importante: Este formulario es solo para crear una cuenta en el portal. Si desea solicitar un estudio o certificaci\u00f3n, no es necesario completar este formulario. Al seleccionar su estudio y realizar el pago, el sistema crear\u00e1 su cuenta autom\u00e1ticamente con el correo ingresado en la compra. &times; Para completar el proceso de registro en [&hellip;]<\/p>\n","protected":false},"author":1,"featured_media":0,"parent":0,"menu_order":0,"comment_status":"closed","ping_status":"closed","template":"","meta":{"om_disable_all_campaigns":false,"_themeisle_gutenberg_block_has_review":false,"footnotes":""},"class_list":["post-556","page","type-page","status-publish","hentry"],"aioseo_notices":[],"_links":{"self":[{"href":"https:\/\/estudiodetitulo.net\/en\/wp-json\/wp\/v2\/pages\/556","targetHints":{"allow":["GET"]}}],"collection":[{"href":"https:\/\/estudiodetitulo.net\/en\/wp-json\/wp\/v2\/pages"}],"about":[{"href":"https:\/\/estudiodetitulo.net\/en\/wp-json\/wp\/v2\/types\/page"}],"author":[{"embeddable":true,"href":"https:\/\/estudiodetitulo.net\/en\/wp-json\/wp\/v2\/users\/1"}],"replies":[{"embeddable":true,"href":"https:\/\/estudiodetitulo.net\/en\/wp-json\/wp\/v2\/comments?post=556"}],"version-history":[{"count":0,"href":"https:\/\/estudiodetitulo.net\/en\/wp-json\/wp\/v2\/pages\/556\/revisions"}],"wp:attachment":[{"href":"https:\/\/estudiodetitulo.net\/en\/wp-json\/wp\/v2\/media?parent=556"}],"curies":[{"name":"wp","href":"https:\/\/api.w.org\/{rel}","templated":true}]}}