{"id":595,"date":"2025-03-01T11:04:50","date_gmt":"2025-03-01T15:04:50","guid":{"rendered":"https:\/\/estudiodetitulo.net\/?page_id=595"},"modified":"2025-03-02T13:02:41","modified_gmt":"2025-03-02T17:02:41","slug":"formulario-de-soporte","status":"publish","type":"page","link":"https:\/\/estudiodetitulo.net\/en\/formulario-de-soporte\/","title":{"rendered":"Formulario de Soporte"},"content":{"rendered":"<div data-elementor-type=\"wp-page\" data-elementor-id=\"595\" class=\"elementor elementor-595\">\n\t\t\t\t<div class=\"elementor-element elementor-element-2d660113 e-flex e-con-boxed e-con e-parent\" data-id=\"2d660113\" data-element_type=\"container\" data-e-type=\"container\">\n\t\t\t\t\t<div class=\"e-con-inner\">\n\t\t\t\t<div class=\"elementor-element elementor-element-bbfd892 elementor-widget elementor-widget-image\" data-id=\"bbfd892\" data-element_type=\"widget\" data-e-type=\"widget\" data-widget_type=\"image.default\">\n\t\t\t\t<div class=\"elementor-widget-container\">\n\t\t\t\t\t\t\t\t\t\t\t\t\t\t\t<img fetchpriority=\"high\" decoding=\"async\" width=\"851\" height=\"315\" src=\"https:\/\/estudiodetitulo.net\/wp-content\/uploads\/2025\/02\/Untitled-design-34.png\" class=\"attachment-large size-large wp-image-259\" alt=\"\" srcset=\"https:\/\/estudiodetitulo.net\/wp-content\/uploads\/2025\/02\/Untitled-design-34.png 851w, https:\/\/estudiodetitulo.net\/wp-content\/uploads\/2025\/02\/Untitled-design-34-300x111.png 300w, https:\/\/estudiodetitulo.net\/wp-content\/uploads\/2025\/02\/Untitled-design-34-768x284.png 768w\" sizes=\"(max-width: 851px) 100vw, 851px\" \/>\t\t\t\t\t\t\t\t\t\t\t\t\t\t\t<\/div>\n\t\t\t\t<\/div>\n\t\t\t\t<div class=\"elementor-element elementor-element-58de3f2e elementor-widget elementor-widget-text-editor\" data-id=\"58de3f2e\" data-element_type=\"widget\" data-e-type=\"widget\" data-widget_type=\"text-editor.default\">\n\t\t\t\t<div class=\"elementor-widget-container\">\n\t\t\t\t\t\t\t\t\t\n<p>\u00a1Bienvenido a nuestro Centro de Soporte! Si necesita asistencia con alguno de nuestros servicios, le invitamos a completar el formulario a continuaci\u00f3n para generar un Ticket de Servicio. Nuestro equipo revisar\u00e1 su caso y se pondr\u00e1 en contacto con usted en un plazo de 24 a 48 horas h\u00e1biles.\u200b<\/p>\n\n\n\n<p><strong>How does it work?<\/strong><\/p>\n\n\n\n<ol class=\"wp-block-list\">\n<li><strong>Complete the form:<\/strong> Proporcione detalladamente la informaci\u00f3n solicitada sobre su consulta o problema.\u200b<\/li>\n\n\n\n<li><strong>Confirmaci\u00f3n de recepci\u00f3n:<\/strong> Tras enviar el formulario, recibir\u00e1 un correo electr\u00f3nico de confirmaci\u00f3n con el n\u00famero asignado a su ticket.\u200b<\/li>\n\n\n\n<li><strong>An\u00e1lisis y respuesta:<\/strong> Nuestro equipo de soporte analizar\u00e1 su caso y le contactar\u00e1 dentro del plazo establecido para brindarle una soluci\u00f3n o solicitar informaci\u00f3n adicional.<\/li>\n<\/ol>\n\n\n\n<p><\/p>\n\t\t\t\t\t\t\t\t<\/div>\n\t\t\t\t<\/div>\n\t\t\t\t<div class=\"elementor-element elementor-element-7de0895 elementor-alert-info elementor-widget elementor-widget-alert\" data-id=\"7de0895\" data-element_type=\"widget\" data-e-type=\"widget\" data-widget_type=\"alert.default\">\n\t\t\t\t<div class=\"elementor-widget-container\">\n\t\t\t\t\t\t\t<div class=\"elementor-alert\" role=\"alert\">\n\n\t\t\t\t\t\t<span class=\"elementor-alert-title\">Important Notice:<\/span>\n\t\t\t\n\t\t\t\t\t\t<span class=\"elementor-alert-description\">The registration form may take a few seconds to load. This timeout ensures a secure and encrypted connection to our platform, ensuring the protection of your data. Thank you for your patience.<\/span>\n\t\t\t\n\t\t\t\t\t\t<button type=\"button\" class=\"elementor-alert-dismiss\" aria-label=\"Dismiss this alert.\">\n\t\t\t\t\t\t\t\t\t<span aria-hidden=\"true\">\u00d7<\/span>\n\t\t\t\t\t\t\t<\/button>\n\t\t\t\n\t\t<\/div>\n\t\t\t\t\t\t<\/div>\n\t\t\t\t<\/div>\n\t\t\t\t\t<\/div>\n\t\t\t\t<\/div>\n\t\t<div class=\"elementor-element elementor-element-458d4ca e-flex e-con-boxed e-con e-parent\" data-id=\"458d4ca\" data-element_type=\"container\" data-e-type=\"container\">\n\t\t\t\t\t<div class=\"e-con-inner\">\n\t\t\t\t<div class=\"elementor-element elementor-element-a6faf5d elementor-widget__width-inherit elementor-widget elementor-widget-html\" data-id=\"a6faf5d\" data-element_type=\"widget\" data-e-type=\"widget\" data-widget_type=\"html.default\">\n\t\t\t\t<div class=\"elementor-widget-container\">\n\t\t\t\t\t<script src=\"https:\/\/app.estudiodetitulo.net\/frm\/25btzCfdkXg7tVNAd.js\"><\/script>\t\t\t\t<\/div>\n\t\t\t\t<\/div>\n\t\t\t\t\t<\/div>\n\t\t\t\t<\/div>\n\t\t\t\t<\/div>","protected":false},"excerpt":{"rendered":"<p>\u00a1Bienvenido a nuestro Centro de Soporte! Si necesita asistencia con alguno de nuestros servicios, le invitamos a completar el formulario a continuaci\u00f3n para generar un Ticket de Servicio. Nuestro equipo revisar\u00e1 su caso y se pondr\u00e1 en contacto con usted en un plazo de 24 a 48 horas h\u00e1biles.\u200b \u00bfC\u00f3mo funciona? Aviso Importante: El formulario [&hellip;]<\/p>\n","protected":false},"author":1,"featured_media":0,"parent":0,"menu_order":0,"comment_status":"closed","ping_status":"closed","template":"","meta":{"om_disable_all_campaigns":false,"_themeisle_gutenberg_block_has_review":false,"footnotes":""},"class_list":["post-595","page","type-page","status-publish","hentry"],"aioseo_notices":[],"_links":{"self":[{"href":"https:\/\/estudiodetitulo.net\/en\/wp-json\/wp\/v2\/pages\/595","targetHints":{"allow":["GET"]}}],"collection":[{"href":"https:\/\/estudiodetitulo.net\/en\/wp-json\/wp\/v2\/pages"}],"about":[{"href":"https:\/\/estudiodetitulo.net\/en\/wp-json\/wp\/v2\/types\/page"}],"author":[{"embeddable":true,"href":"https:\/\/estudiodetitulo.net\/en\/wp-json\/wp\/v2\/users\/1"}],"replies":[{"embeddable":true,"href":"https:\/\/estudiodetitulo.net\/en\/wp-json\/wp\/v2\/comments?post=595"}],"version-history":[{"count":0,"href":"https:\/\/estudiodetitulo.net\/en\/wp-json\/wp\/v2\/pages\/595\/revisions"}],"wp:attachment":[{"href":"https:\/\/estudiodetitulo.net\/en\/wp-json\/wp\/v2\/media?parent=595"}],"curies":[{"name":"wp","href":"https:\/\/api.w.org\/{rel}","templated":true}]}}